{"id":8238,"date":"2022-02-16T09:03:01","date_gmt":"2022-02-16T09:03:01","guid":{"rendered":"http:\/\/marcapueblo.ual.es\/?page_id=8238"},"modified":"2022-02-16T09:19:20","modified_gmt":"2022-02-16T09:19:20","slug":"informacion","status":"publish","type":"page","link":"http:\/\/marcapueblo.ual.es\/?page_id=8238","title":{"rendered":"Informaci\u00f3n"},"content":{"rendered":"\t\t<div data-elementor-type=\"wp-post\" data-elementor-id=\"8238\" class=\"elementor elementor-8238\">\n\t\t\t\t\t\t\t\t\t<section class=\"elementor-section elementor-top-section elementor-element elementor-element-22f elementor-section-boxed elementor-section-height-default elementor-section-height-default\" data-id=\"22f\" data-element_type=\"section\" data-settings=\"{&quot;background_background&quot;:&quot;classic&quot;}\">\n\t\t\t\t\t\t\t<div class=\"elementor-background-overlay\"><\/div>\n\t\t\t\t\t\t\t<div class=\"elementor-container elementor-column-gap-default\">\n\t\t\t\t\t<div class=\"elementor-column elementor-col-50 elementor-top-column elementor-element elementor-element-5e0d column-style-top\" data-id=\"5e0d\" data-element_type=\"column\">\n\t\t\t<div class=\"elementor-widget-wrap elementor-element-populated\">\n\t\t\t\t\t\t\t\t<div class=\"elementor-element elementor-element-161b16b elementor-widget elementor-widget-gva-image-content\" data-id=\"161b16b\" data-element_type=\"widget\" data-widget_type=\"gva-image-content.default\">\n\t\t\t\t<div class=\"elementor-widget-container\">\n\t\t\t<div class=\"gva-element-gva-image-content gva-element\">      \r\n         <div class=\"gsc-image-content skin-v1\">\r\n        \r\n                  <div class=\"image\">\r\n            <img decoding=\"async\" src=\"http:\/\/marcapueblo.ual.es\/wp-content\/uploads\/2022\/02\/Andalucia_in_Spain_including_Canarias_special_marker.png\" alt=\"Almer\u00eda\" \/>  \r\n\r\n                          <h2 class=\"title\">\r\n                   Almer\u00eda              <\/h2>\r\n             \r\n          <\/div>\r\n        \r\n                  <div class=\"image-second\">\r\n            <img decoding=\"async\" src=\"http:\/\/marcapueblo.ual.es\/wp-content\/uploads\/2022\/02\/almeria-sola.png\" alt=\"Almer\u00eda\" \/>  \r\n          <\/div>\r\n        \r\n      <\/div>\r\n     \r\n    \r\n    \r\n\r\n   \r\n <\/div>\t\t<\/div>\n\t\t\t\t<\/div>\n\t\t\t\t\t<\/div>\n\t\t<\/div>\n\t\t\t\t<div class=\"elementor-column elementor-col-50 elementor-top-column elementor-element elementor-element-280e column-style-top\" data-id=\"280e\" data-element_type=\"column\">\n\t\t\t<div class=\"elementor-widget-wrap elementor-element-populated\">\n\t\t\t\t\t\t\t\t<div class=\"elementor-element elementor-element-0e146c7 elementor-widget elementor-widget-text-editor\" data-id=\"0e146c7\" data-element_type=\"widget\" data-widget_type=\"text-editor.default\">\n\t\t\t\t<div class=\"elementor-widget-container\">\n\t\t\t<style>\/*! elementor - v3.16.0 - 20-09-2023 *\/\n.elementor-widget-text-editor.elementor-drop-cap-view-stacked .elementor-drop-cap{background-color:#69727d;color:#fff}.elementor-widget-text-editor.elementor-drop-cap-view-framed .elementor-drop-cap{color:#69727d;border:3px solid;background-color:transparent}.elementor-widget-text-editor:not(.elementor-drop-cap-view-default) .elementor-drop-cap{margin-top:8px}.elementor-widget-text-editor:not(.elementor-drop-cap-view-default) .elementor-drop-cap-letter{width:1em;height:1em}.elementor-widget-text-editor .elementor-drop-cap{float:left;text-align:center;line-height:1;font-size:50px}.elementor-widget-text-editor .elementor-drop-cap-letter{display:inline-block}<\/style>\t\t\t\t<p>La provincia de Almer\u00eda es la segunda que m\u00e1s crece en t\u00e9rminos relativos del pa\u00eds. Tambi\u00e9n aparece como la provincia que presenta uno de los mayores crecimientos vegetativos a\u00f1o tras a\u00f1o, muy superior al de Guadalajara, y estando el \u00faltimo a\u00f1o por ejemplo, s\u00f3lo Ceuta y Melilla con mejor estad\u00edstica. Con un saldo favorable de 3 por cada mil habitantes y un \u00edndice de recambio generacional de 1,08, Almer\u00eda es una de las provincias m\u00e1s pujantes y din\u00e1micas demogr\u00e1ficamente de Espa\u00f1a. Pero esta es la parte f\u00e1cil de contar sobre la cuesti\u00f3n poblacional.<\/p><p>Entre tres municipios, Almer\u00eda capital, Roquetas de Mar y El Ejido, aglutinan el 53% de la poblaci\u00f3n total de la provincia. Si se les a\u00f1ade los otros nueve municipios que tienen m\u00e1s de 10.000 habitantes, ellos poseen el 77% de la poblaci\u00f3n. Es decir, el resto de los municipios aglutinan s\u00f3lo el 23% de la poblaci\u00f3n provincial. Y dentro de este 23%, 51 municipios tienen menos de 1000 habitantes y supone el 3% de la poblaci\u00f3n. Si se sigue ahondando, 21 tienen menos de 300 habitantes y supone un 0,6% de la poblaci\u00f3n. Estos municipios de menos de 1000 habitantes est\u00e1n en peligro de extinci\u00f3n, sobre todo los 21 que tienen menos de 300 habitantes.<\/p><p>La despoblaci\u00f3n se est\u00e1 agudizando a lo largo del siglo XXI y pone en riesgo tanto el equilibrio demogr\u00e1fico como las actividades primarias, agroalimentarias y tur\u00edsticas que son claves para el funcionamiento de las econom\u00edas locales.<\/p>\t\t\t\t\t\t<\/div>\n\t\t\t\t<\/div>\n\t\t\t\t\t<\/div>\n\t\t<\/div>\n\t\t\t\t\t\t\t<\/div>\n\t\t<\/section>\n\t\t\t\t<section class=\"elementor-section elementor-top-section elementor-element elementor-element-552f elementor-section-boxed elementor-section-height-default elementor-section-height-default\" data-id=\"552f\" data-element_type=\"section\" data-settings=\"{&quot;background_background&quot;:&quot;classic&quot;}\">\n\t\t\t\t\t\t<div class=\"elementor-container elementor-column-gap-default\">\n\t\t\t\t\t<div class=\"elementor-column elementor-col-50 elementor-top-column elementor-element elementor-element-1a10 column-style-top\" data-id=\"1a10\" data-element_type=\"column\">\n\t\t\t<div class=\"elementor-widget-wrap elementor-element-populated\">\n\t\t\t\t\t\t\t\t<div class=\"elementor-element elementor-element-d9877e5 elementor-widget elementor-widget-text-editor\" data-id=\"d9877e5\" data-element_type=\"widget\" data-widget_type=\"text-editor.default\">\n\t\t\t\t<div class=\"elementor-widget-container\">\n\t\t\t\t\t\t\t<div id=\"el-95afdbfd\" class=\"vce-col vce-col--md-60p vce-col--xs-1 vce-col--xs-last vce-col--xs-first vce-col--sm-last vce-col--sm-first vce-col--md-first vce-col--lg-first vce-col--xl-first\"><div class=\"vce-col-inner\" data-vce-do-apply=\"border margin background  el-95afdbfd\"><div class=\"vce-col-content\" data-vce-element-content=\"true\" data-vce-do-apply=\"padding el-95afdbfd\"><div class=\"vce-text-block\"><div id=\"el-9e37d0db\" class=\"vce-text-block-wrapper vce\" data-vce-do-apply=\"all el-9e37d0db\"><p>Con la intenci\u00f3n de frenar la posible desaparici\u00f3n de dichos municipios, surge <strong>Marca Pueblo<\/strong>\u00ae. Se parte del t\u00e9rmino <em>marca<\/em> como un signo de identidad que ayude a reconocer con facilidad. Se est\u00e1 frente una prueba piloto que se va a realizar en siete municipios rurales de peque\u00f1o tama\u00f1o (Ley 45\/2007, de 13 de diciembre, para el desarrollo sostenible del medio rural) cuyas caracter\u00edsticas son diferenciadoras. En concreto se trata de Alc\u00f3ntar, Alm\u00f3cita, L\u00edjar, Lubr\u00edn, Olula de Castro, Purchena y Ser\u00f3n. Tras haberse superado el primer a\u00f1o del proyecto se han visto incorporados seis municipios m\u00e1s haciendo un total de trece, integr\u00e1ndose como colabores ahora: Abrucena, Fond\u00f3n, Laroya, Laujar de Andarax, Padules y Tahal. <\/p><p>Se busca un estudio en profundidad de todos sus sectores cuyos resultados se materializar\u00e1n en una marca innovadora que servir\u00e1 para diferenciarse y ser \u00fanicos en el panorama nacional.<\/p><\/div><\/div><\/div><\/div><\/div>\t\t\t\t\t\t<\/div>\n\t\t\t\t<\/div>\n\t\t\t\t\t<\/div>\n\t\t<\/div>\n\t\t\t\t<div class=\"elementor-column elementor-col-50 elementor-top-column elementor-element elementor-element-670e column-style-top\" data-id=\"670e\" data-element_type=\"column\">\n\t\t\t<div class=\"elementor-widget-wrap\">\n\t\t\t\t\t\t\t\t\t<\/div>\n\t\t<\/div>\n\t\t\t\t\t\t\t<\/div>\n\t\t<\/section>\n\t\t\t\t\t\t\t<\/div>\n\t\t","protected":false},"excerpt":{"rendered":"<p>Almer\u00eda La provincia de Almer\u00eda es la segunda que m\u00e1s crece en t\u00e9rminos relativos del pa\u00eds. Tambi\u00e9n aparece como la provincia que presenta uno de los mayores crecimientos vegetativos a\u00f1o [&hellip;]<\/p>\n","protected":false},"author":1,"featured_media":0,"parent":0,"menu_order":0,"comment_status":"closed","ping_status":"closed","template":"","meta":{"footnotes":""},"class_list":["post-8238","page","type-page","status-publish","hentry"],"_links":{"self":[{"href":"http:\/\/marcapueblo.ual.es\/index.php?rest_route=\/wp\/v2\/pages\/8238","targetHints":{"allow":["GET"]}}],"collection":[{"href":"http:\/\/marcapueblo.ual.es\/index.php?rest_route=\/wp\/v2\/pages"}],"about":[{"href":"http:\/\/marcapueblo.ual.es\/index.php?rest_route=\/wp\/v2\/types\/page"}],"author":[{"embeddable":true,"href":"http:\/\/marcapueblo.ual.es\/index.php?rest_route=\/wp\/v2\/users\/1"}],"replies":[{"embeddable":true,"href":"http:\/\/marcapueblo.ual.es\/index.php?rest_route=%2Fwp%2Fv2%2Fcomments&post=8238"}],"version-history":[{"count":7,"href":"http:\/\/marcapueblo.ual.es\/index.php?rest_route=\/wp\/v2\/pages\/8238\/revisions"}],"predecessor-version":[{"id":8250,"href":"http:\/\/marcapueblo.ual.es\/index.php?rest_route=\/wp\/v2\/pages\/8238\/revisions\/8250"}],"wp:attachment":[{"href":"http:\/\/marcapueblo.ual.es\/index.php?rest_route=%2Fwp%2Fv2%2Fmedia&parent=8238"}],"curies":[{"name":"wp","href":"https:\/\/api.w.org\/{rel}","templated":true}]}}