{"id":8251,"date":"2022-02-16T09:20:47","date_gmt":"2022-02-16T09:20:47","guid":{"rendered":"http:\/\/marcapueblo.ual.es\/?page_id=8251"},"modified":"2023-04-24T16:44:01","modified_gmt":"2023-04-24T16:44:01","slug":"presentacion","status":"publish","type":"page","link":"http:\/\/marcapueblo.ual.es\/?page_id=8251","title":{"rendered":"Presentaci\u00f3n"},"content":{"rendered":"\t\t<div data-elementor-type=\"wp-post\" data-elementor-id=\"8251\" class=\"elementor elementor-8251\">\n\t\t\t\t\t\t\t\t\t<section class=\"elementor-section elementor-top-section elementor-element elementor-element-dccf8b7 elementor-section-boxed elementor-section-height-default elementor-section-height-default\" data-id=\"dccf8b7\" data-element_type=\"section\" data-settings=\"{&quot;background_background&quot;:&quot;video&quot;,&quot;background_video_link&quot;:&quot;https:\\\/\\\/www.youtube.com\\\/watch?v=flAGto7bX3Y&quot;}\">\n\t\t\t\t\t\t\t\t<div class=\"elementor-background-video-container elementor-hidden-phone\">\n\t\t\t\t\t\t\t\t\t\t\t\t\t<div class=\"elementor-background-video-embed\"><\/div>\n\t\t\t\t\t\t\t\t\t\t\t\t<\/div>\n\t\t\t\t\t\t\t\t<div class=\"elementor-container elementor-column-gap-default\">\n\t\t\t\t\t<div class=\"elementor-column elementor-col-100 elementor-top-column elementor-element elementor-element-fd28c15 column-style-top\" data-id=\"fd28c15\" data-element_type=\"column\">\n\t\t\t<div class=\"elementor-widget-wrap\">\n\t\t\t\t\t\t\t\t\t<\/div>\n\t\t<\/div>\n\t\t\t\t\t\t\t<\/div>\n\t\t<\/section>\n\t\t\t\t<section class=\"elementor-section elementor-top-section elementor-element elementor-element-22f elementor-section-boxed elementor-section-height-default elementor-section-height-default\" data-id=\"22f\" data-element_type=\"section\">\n\t\t\t\t\t\t\t<div class=\"elementor-background-overlay\"><\/div>\n\t\t\t\t\t\t\t<div class=\"elementor-container elementor-column-gap-default\">\n\t\t\t\t\t<div class=\"elementor-column elementor-col-100 elementor-top-column elementor-element elementor-element-5e0d column-style-top\" data-id=\"5e0d\" data-element_type=\"column\">\n\t\t\t<div class=\"elementor-widget-wrap elementor-element-populated\">\n\t\t\t\t\t\t\t\t<div class=\"elementor-element elementor-element-a0c18b3 elementor-widget elementor-widget-text-editor\" data-id=\"a0c18b3\" data-element_type=\"widget\" data-widget_type=\"text-editor.default\">\n\t\t\t\t<div class=\"elementor-widget-container\">\n\t\t\t<style>\/*! elementor - v3.16.0 - 20-09-2023 *\/\n.elementor-widget-text-editor.elementor-drop-cap-view-stacked .elementor-drop-cap{background-color:#69727d;color:#fff}.elementor-widget-text-editor.elementor-drop-cap-view-framed .elementor-drop-cap{color:#69727d;border:3px solid;background-color:transparent}.elementor-widget-text-editor:not(.elementor-drop-cap-view-default) .elementor-drop-cap{margin-top:8px}.elementor-widget-text-editor:not(.elementor-drop-cap-view-default) .elementor-drop-cap-letter{width:1em;height:1em}.elementor-widget-text-editor .elementor-drop-cap{float:left;text-align:center;line-height:1;font-size:50px}.elementor-widget-text-editor .elementor-drop-cap-letter{display:inline-block}<\/style>\t\t\t\t<p><strong>Marca Pueblo<\/strong> es una estrategia para capitalizar la reputaci\u00f3n de un determinado municipio en mercados nacionales o internacionales. Se puede confundir con una campa\u00f1a de promoci\u00f3n tur\u00edstica, pero Marca Pueblo va m\u00e1s all\u00e1 dado que es una puesta en valor de lo que ofrece un municipio a visitantes e inversionistas dando a conocer lo propio.\u00a0<\/p><p>Gracias a la creaci\u00f3n de la correspondiente Marca Pueblo se pretende diferenciar al municipio pertinente y suministrarle una imagen \u00fanica. La marca es una pieza fundamental de comunicaci\u00f3n y puesta en valor que sirve como una gu\u00eda que ayudar\u00e1 a comprender los objetivos que se tienen en el propio entorno a todos los niveles. Va m\u00e1s all\u00e1 de un mero logo o denominaci\u00f3n. No es un utensilio que se va a utilizar \u00fanicamente a modo publicitario, sino que se trata de un punto diferenciador que determinar\u00e1 todas las experiencias vividas en la zona. As\u00ed conseguir\u00e1 tanto captar nuevos posibles inversores, como el mantener los existentes mientras que generar\u00e1 riqueza cultural poniendo en valor el factor personal que normalmente se deja de lado.<\/p><p>Busca responder a las preguntas de \u201c\u00bfqui\u00e9n soy? y \u201c\u00bfpor qu\u00e9 existo?\u201d, consiguiendo una respuesta certera y clara. Ella mostrar\u00e1 una relaci\u00f3n directa entre locales y externos que influir\u00e1 de manera bidireccional generando una identificaci\u00f3n \u00fanica como pertenecientes a la zona. El Modelo Estrat\u00e9gico de la proyecci\u00f3n Marca Pueblo tiene como prop\u00f3sito apoyar a las organizaciones que gestionan el municipio para construir una estrategia de valor local en los mercados que surjan.<\/p><p>Entre las premisas que sustentan el modelo son:<\/p><ul><li><strong>Premisa 1.<\/strong> Comunicar la personalidad para crear una presencia \u00fanica. Los procesos de comunicaci\u00f3n en el seno de una organizaci\u00f3n son vitales para la consecuci\u00f3n de los objetivos de esta. La marca al igual que las personas proyecta una serie de caracter\u00edsticas. Estas generan sentimientos que posteriormente se traducir\u00e1n en la percepci\u00f3n que los extranjeros tengan sobre la marca. Ante la necesidad de personalizar la experiencia del visitante, se requiere identificar el atributo extraordinario para que se convierta en un elemento diferenciador. La personalidad de una Marca Pueblo est\u00e1 formada por los comportamientos y normas establecidas por los indicadores de un sector local, la cual debe ser desarrollada, discutida y compartida por todos los actores (gobierno, sector p\u00fablico, prescriptores, visitantes, poblaci\u00f3n en general).<\/li><li><strong>Premisa 2<\/strong>. Generar una identidad fuerte de Marca Pueblo frente a la competencia. Cada municipio es \u00fanico, y la identidad debe surgir de sus propias ra\u00edces, de su personalidad, de sus puntos fuertes y d\u00e9biles. Si bien es importante que los pueblos generen una identidad propia, tambi\u00e9n se hace importante generar valor a las audiencias internas y externas.<\/li><\/ul><p>El posicionamiento estrat\u00e9gico debe contar con la participaci\u00f3n y el compromiso de todos los agentes sociales. Esta iniciativa pretende analizar los municipios rurales al completo sin olvidar los elementos tangibles que tan f\u00e1cilmente pasan desapercibidos como son la calidad de vida percibida por los habitantes y externos, cultura propia y la colaboraci\u00f3n inter partes.<\/p>\t\t\t\t\t\t<\/div>\n\t\t\t\t<\/div>\n\t\t\t\t\t<\/div>\n\t\t<\/div>\n\t\t\t\t\t\t\t<\/div>\n\t\t<\/section>\n\t\t\t\t<section class=\"elementor-section elementor-top-section elementor-element elementor-element-a1b3544 elementor-section-boxed elementor-section-height-default elementor-section-height-default\" data-id=\"a1b3544\" data-element_type=\"section\" data-settings=\"{&quot;background_background&quot;:&quot;classic&quot;}\">\n\t\t\t\t\t\t<div class=\"elementor-container elementor-column-gap-default\">\n\t\t\t\t\t<div class=\"elementor-column elementor-col-100 elementor-top-column elementor-element elementor-element-13c8d8b column-style-top\" data-id=\"13c8d8b\" data-element_type=\"column\">\n\t\t\t<div class=\"elementor-widget-wrap elementor-element-populated\">\n\t\t\t\t\t\t\t\t<div class=\"elementor-element elementor-element-4d09d9f elementor-widget elementor-widget-html\" data-id=\"4d09d9f\" data-element_type=\"widget\" data-widget_type=\"html.default\">\n\t\t\t\t<div class=\"elementor-widget-container\">\n\t\t\t<iframe loading=\"lazy\" width=\"1280\" height=\"720\" src=\"https:\/\/www.youtube.com\/embed\/flAGto7bX3Y\" title=\"Marca Pueblo\" frameborder=\"0\" allow=\"accelerometer; autoplay; clipboard-write; encrypted-media; gyroscope; picture-in-picture; web-share\" allowfullscreen><\/iframe>\t\t<\/div>\n\t\t\t\t<\/div>\n\t\t\t\t\t<\/div>\n\t\t<\/div>\n\t\t\t\t\t\t\t<\/div>\n\t\t<\/section>\n\t\t\t\t\t\t\t<\/div>\n\t\t","protected":false},"excerpt":{"rendered":"<p>Marca Pueblo es una estrategia para capitalizar la reputaci\u00f3n de un determinado municipio en mercados nacionales o internacionales. Se puede confundir con una campa\u00f1a de promoci\u00f3n tur\u00edstica, pero Marca Pueblo [&hellip;]<\/p>\n","protected":false},"author":1,"featured_media":0,"parent":0,"menu_order":0,"comment_status":"closed","ping_status":"closed","template":"","meta":{"footnotes":""},"class_list":["post-8251","page","type-page","status-publish","hentry"],"_links":{"self":[{"href":"http:\/\/marcapueblo.ual.es\/index.php?rest_route=\/wp\/v2\/pages\/8251","targetHints":{"allow":["GET"]}}],"collection":[{"href":"http:\/\/marcapueblo.ual.es\/index.php?rest_route=\/wp\/v2\/pages"}],"about":[{"href":"http:\/\/marcapueblo.ual.es\/index.php?rest_route=\/wp\/v2\/types\/page"}],"author":[{"embeddable":true,"href":"http:\/\/marcapueblo.ual.es\/index.php?rest_route=\/wp\/v2\/users\/1"}],"replies":[{"embeddable":true,"href":"http:\/\/marcapueblo.ual.es\/index.php?rest_route=%2Fwp%2Fv2%2Fcomments&post=8251"}],"version-history":[{"count":13,"href":"http:\/\/marcapueblo.ual.es\/index.php?rest_route=\/wp\/v2\/pages\/8251\/revisions"}],"predecessor-version":[{"id":9463,"href":"http:\/\/marcapueblo.ual.es\/index.php?rest_route=\/wp\/v2\/pages\/8251\/revisions\/9463"}],"wp:attachment":[{"href":"http:\/\/marcapueblo.ual.es\/index.php?rest_route=%2Fwp%2Fv2%2Fmedia&parent=8251"}],"curies":[{"name":"wp","href":"https:\/\/api.w.org\/{rel}","templated":true}]}}