{"id":8876,"date":"2022-02-16T10:49:07","date_gmt":"2022-02-16T10:49:07","guid":{"rendered":"http:\/\/marcapueblo.ual.es\/?page_id=8876"},"modified":"2022-02-16T11:10:50","modified_gmt":"2022-02-16T11:10:50","slug":"participantes","status":"publish","type":"page","link":"http:\/\/marcapueblo.ual.es\/?page_id=8876","title":{"rendered":"Participantes"},"content":{"rendered":"\t\t<div data-elementor-type=\"wp-post\" data-elementor-id=\"8876\" class=\"elementor elementor-8876\">\n\t\t\t\t\t\t\t\t\t<section class=\"elementor-section elementor-top-section elementor-element elementor-element-22f elementor-section-boxed elementor-section-height-default elementor-section-height-default\" data-id=\"22f\" data-element_type=\"section\" data-settings=\"{&quot;background_background&quot;:&quot;classic&quot;}\">\n\t\t\t\t\t\t\t<div class=\"elementor-background-overlay\"><\/div>\n\t\t\t\t\t\t\t<div class=\"elementor-container elementor-column-gap-default\">\n\t\t\t\t\t<div class=\"elementor-column elementor-col-50 elementor-top-column elementor-element elementor-element-280e column-style-top\" data-id=\"280e\" data-element_type=\"column\">\n\t\t\t<div class=\"elementor-widget-wrap elementor-element-populated\">\n\t\t\t\t\t\t\t\t<div class=\"elementor-element elementor-element-24dd7cb elementor-widget elementor-widget-text-editor\" data-id=\"24dd7cb\" data-element_type=\"widget\" data-widget_type=\"text-editor.default\">\n\t\t\t\t<div class=\"elementor-widget-container\">\n\t\t\t<style>\/*! elementor - v3.16.0 - 20-09-2023 *\/\n.elementor-widget-text-editor.elementor-drop-cap-view-stacked .elementor-drop-cap{background-color:#69727d;color:#fff}.elementor-widget-text-editor.elementor-drop-cap-view-framed .elementor-drop-cap{color:#69727d;border:3px solid;background-color:transparent}.elementor-widget-text-editor:not(.elementor-drop-cap-view-default) .elementor-drop-cap{margin-top:8px}.elementor-widget-text-editor:not(.elementor-drop-cap-view-default) .elementor-drop-cap-letter{width:1em;height:1em}.elementor-widget-text-editor .elementor-drop-cap{float:left;text-align:center;line-height:1;font-size:50px}.elementor-widget-text-editor .elementor-drop-cap-letter{display:inline-block}<\/style>\t\t\t\t<p>La primera fase del proyecto piloto Marca Pueblo cont\u00f3 con siete municipios. Han sido seleccionados teniendo en cuenta lo previsto por la Ley 45\/2007, de 13 de diciembre, sobre desarrollo sostenible del medio rural. La misma normativa ya comienza y expone en su pre\u00e1mbulo la importancia de estas localizaciones:<\/p><p>\u00abLa importancia actual del medio rural en Espa\u00f1a, que integra al 20 por ciento de la poblaci\u00f3n, que se elevar\u00eda hasta el 35 por ciento si se incluyen las zonas periurbanas y afecta al 90 por ciento del territorio, y el hecho de que en este inmenso territorio rural se encuentran la totalidad de nuestros recursos naturales y una parte significativa de nuestro patrimonio cultural, as\u00ed como las nuevas tendencias observadas en la localizaci\u00f3n de la actividad econ\u00f3mica y residencial, confieren a este medio una relevancia mayor de la concedida en nuestra historia reciente.\u00bb<\/p><p>Con la Fase II, a los municipios de Alc\u00f3ntar, Alm\u00f3cita, L\u00edjar, Lubr\u00edn, Olula de Castro, Purchena y Ser\u00f3n, se le incorporaron Abrucena, Fond\u00f3n, Laroya, Laujar de Andarax, Padules y Tahal. Ambos cuentan con caracter\u00edsticas similares como son una localizaci\u00f3n geogr\u00e1fica en \u00e1reas de monta\u00f1a, una escasa poblaci\u00f3n y alto grado de envejecimiento, bajo \u00edndice de natalidad, elevada tasa migratoria y reducida diversificaci\u00f3n productiva.\u00a0<\/p><p>El grupo ha apostado por este proyecto realizando diversas contribuciones de las que cabe destacar el municipio de Purchena implicado desde el comienzo, que gracias a sus aportaciones en t\u00e9rminos econ\u00f3micos y log\u00edsticos, est\u00e1n facilitando enormemente el trabajo.\u00a0 Esta localidad ha contribuido adem\u00e1s dot\u00e1ndonos de un Centro de Operaciones en su territorio, permiti\u00e9ndonos tener una sede propia en la Comarca del Almanzora.<\/p><p>El objetivo com\u00fan es tratar de implicar a todos los agentes para el desarrolo de todas las actividades productivas.\u00a0<\/p><p>Tienen a su favor \u2013algo de lo que muchos municipios carecen- el contar con alcaldes emprendedores muy experimentados, bien preparados intelectualmente, que han decidido apostar por explotar racionalmente los escasos recursos naturales que ofrece el lugar, y con ello creer cierto empleo estable.<\/p><p>En conclusi\u00f3n, los siete municipios de la Marca Pueblo, han elegido en algunos casos alternativas diferentes para conseguir un modelo de desarrollo sostenible, siempre bajo la premisa de explotar racionalmente los recursos con los que cuentan. Sus resultados, a pesar de sus limitaciones, son muy positivos: han logrado crear cierto empleo estable y contener la sangr\u00eda poblacional que ven\u00edan padeciendo.\u00a0<\/p>\t\t\t\t\t\t<\/div>\n\t\t\t\t<\/div>\n\t\t\t\t\t<\/div>\n\t\t<\/div>\n\t\t\t\t<div class=\"elementor-column elementor-col-50 elementor-top-column elementor-element elementor-element-5e0d column-style-top\" data-id=\"5e0d\" data-element_type=\"column\">\n\t\t\t<div class=\"elementor-widget-wrap elementor-element-populated\">\n\t\t\t\t\t\t\t\t<div class=\"elementor-element elementor-element-d56bb6d elementor-widget elementor-widget-image\" data-id=\"d56bb6d\" data-element_type=\"widget\" data-widget_type=\"image.default\">\n\t\t\t\t<div class=\"elementor-widget-container\">\n\t\t\t<style>\/*! elementor - v3.16.0 - 20-09-2023 *\/\n.elementor-widget-image{text-align:center}.elementor-widget-image a{display:inline-block}.elementor-widget-image a img[src$=\".svg\"]{width:48px}.elementor-widget-image img{vertical-align:middle;display:inline-block}<\/style>\t\t\t\t\t\t\t\t\t\t\t\t<img loading=\"lazy\" decoding=\"async\" width=\"900\" height=\"488\" src=\"http:\/\/marcapueblo.ual.es\/wp-content\/uploads\/2022\/02\/laujar-de-andarax-2-1024x555.jpg\" class=\"attachment-large size-large wp-image-8878\" alt=\"\" \/>\t\t\t\t\t\t\t\t\t\t\t\t\t\t\t<\/div>\n\t\t\t\t<\/div>\n\t\t\t\t\t<\/div>\n\t\t<\/div>\n\t\t\t\t\t\t\t<\/div>\n\t\t<\/section>\n\t\t\t\t<section class=\"elementor-section elementor-top-section elementor-element elementor-element-552f elementor-section-boxed elementor-section-height-default elementor-section-height-default\" data-id=\"552f\" data-element_type=\"section\" data-settings=\"{&quot;background_background&quot;:&quot;classic&quot;}\">\n\t\t\t\t\t\t<div class=\"elementor-container elementor-column-gap-default\">\n\t\t\t\t\t<div class=\"elementor-column elementor-col-50 elementor-top-column elementor-element elementor-element-1a10 column-style-top\" data-id=\"1a10\" data-element_type=\"column\">\n\t\t\t<div class=\"elementor-widget-wrap\">\n\t\t\t\t\t\t\t\t\t<\/div>\n\t\t<\/div>\n\t\t\t\t<div class=\"elementor-column elementor-col-50 elementor-top-column elementor-element elementor-element-670e column-style-top\" data-id=\"670e\" data-element_type=\"column\">\n\t\t\t<div class=\"elementor-widget-wrap elementor-element-populated\">\n\t\t\t\t\t\t\t\t<div class=\"elementor-element elementor-element-f0c5cad elementor-widget elementor-widget-text-editor\" data-id=\"f0c5cad\" data-element_type=\"widget\" data-widget_type=\"text-editor.default\">\n\t\t\t\t<div class=\"elementor-widget-container\">\n\t\t\t\t\t\t\t<p>En conclusi\u00f3n, los trece municipios de Marca Pueblo, han elegido en algunos casos alternativas diferentes para conseguir un modelo de desarrollo sostenible, siempre bajo la premisa de explotar racionalmente los recursos con los que cuentan. Sus resultados, a pesar de sus limitaciones, son muy positivos: han logrado crear cierto empleo estable y contener la sangr\u00eda poblacional que ven\u00edan padeciendo. <\/p>\t\t\t\t\t\t<\/div>\n\t\t\t\t<\/div>\n\t\t\t\t\t<\/div>\n\t\t<\/div>\n\t\t\t\t\t\t\t<\/div>\n\t\t<\/section>\n\t\t\t\t\t\t\t<\/div>\n\t\t","protected":false},"excerpt":{"rendered":"<p>La primera fase del proyecto piloto Marca Pueblo cont\u00f3 con siete municipios. Han sido seleccionados teniendo en cuenta lo previsto por la Ley 45\/2007, de 13 de diciembre, sobre desarrollo [&hellip;]<\/p>\n","protected":false},"author":1,"featured_media":0,"parent":0,"menu_order":0,"comment_status":"closed","ping_status":"closed","template":"","meta":{"footnotes":""},"class_list":["post-8876","page","type-page","status-publish","hentry"],"_links":{"self":[{"href":"http:\/\/marcapueblo.ual.es\/index.php?rest_route=\/wp\/v2\/pages\/8876","targetHints":{"allow":["GET"]}}],"collection":[{"href":"http:\/\/marcapueblo.ual.es\/index.php?rest_route=\/wp\/v2\/pages"}],"about":[{"href":"http:\/\/marcapueblo.ual.es\/index.php?rest_route=\/wp\/v2\/types\/page"}],"author":[{"embeddable":true,"href":"http:\/\/marcapueblo.ual.es\/index.php?rest_route=\/wp\/v2\/users\/1"}],"replies":[{"embeddable":true,"href":"http:\/\/marcapueblo.ual.es\/index.php?rest_route=%2Fwp%2Fv2%2Fcomments&post=8876"}],"version-history":[{"count":10,"href":"http:\/\/marcapueblo.ual.es\/index.php?rest_route=\/wp\/v2\/pages\/8876\/revisions"}],"predecessor-version":[{"id":8888,"href":"http:\/\/marcapueblo.ual.es\/index.php?rest_route=\/wp\/v2\/pages\/8876\/revisions\/8888"}],"wp:attachment":[{"href":"http:\/\/marcapueblo.ual.es\/index.php?rest_route=%2Fwp%2Fv2%2Fmedia&parent=8876"}],"curies":[{"name":"wp","href":"https:\/\/api.w.org\/{rel}","templated":true}]}}